{"id":22,"date":"2020-06-11T12:51:03","date_gmt":"2020-06-11T12:51:03","guid":{"rendered":"http:\/\/stage.grossmann-projectconsulting.com\/?page_id=22"},"modified":"2020-06-18T15:01:51","modified_gmt":"2020-06-18T15:01:51","slug":"datenschutz","status":"publish","type":"page","link":"https:\/\/martinagrossmann.de\/?page_id=22","title":{"rendered":"Datenschutz"},"content":{"rendered":"<p><span style=\"color: #000000;\">Mit dieser Datenschutzerkl\u00e4rung informiere ich Sie \u00fcber die Art, den Umfang und den Zweck der Verarbeitung von personenbezogenen Daten (nachfolgend kurz \u201eDaten\u201c) innerhalb meiner Website <strong>www.martinagrossmann.de<\/strong>. F\u00fcr die dabei verwendeten Begriffe \u2013 wie etwa \u201eVerarbeitung\u201c oder \u201eVerantwortliche\u201c verweise ich auf die Definitionen im Artikel 4 der Datenschutzgrundverordnung (DSGVO) (<a style=\"color: #000000;\" href=\"https:\/\/dsgvo-gesetz.de\/\">https:\/\/dsgvo-gesetz.de\/<\/a>).<\/span><\/p>\n<p><span style=\"color: #000000;\">Ich habe technische und organisatorische Ma\u00dfnahmen getroffen, um sicherzustellen, dass die Vorschriften \u00fcber den Datenschutz sowohl von mir als auch von externen Dienstleistern beachtet werden. Sofern ich im Rahmen meiner Verarbeitung gegen\u00fcber anderen Personen und Unternehmen (Auftragsverarbeitern oder Dritten) Daten offenbare, sie an diese \u00fcbermittle oder ihnen sonst Zugriff auf die Daten gew\u00e4hre, erfolgt dies nur, wenn Sie eingewilligt haben, eine rechtliche Verpflichtung dies vorsieht oder auf Grundlage meiner berechtigten Interessen (z.B. beim Einsatz von Webhostern).<\/span><\/p>\n<p><span style=\"color: #000000;\">Sofern ich in einem Drittland (d.h. au\u00dferhalb der Europ\u00e4ischen Union \/ EU) Daten verarbeite oder dies im Rahmen der Inanspruchnahme von Diensten Dritter oder der Offenlegung bzw. \u00dcbermittlung von Daten an Dritte geschieht, erfolgt dies nur zur Erf\u00fcllung meiner rechtlichen Pflichten, auf Grundlage Ihrer Einwilligung oder auf Grundlage meiner berechtigten Interessen. Die Verarbeitung erfolgt auf Grundlage besonderer Garantien wie der offiziell anerkannten Feststellung eines der EU entsprechenden Datenschutzniveaus (z.B. f\u00fcr die USA durch das \u201ePrivacy Shield\u201c), oder der Beachtung offiziell anerkannter spezieller vertraglicher Verpflichtungen (so genannte \u201eStandardvertragsklauseln\u201c).<\/span><\/p>\n<h3><span style=\"color: #000000;\"><strong>Verantwortlichkeit<\/strong><\/span><\/h3>\n<p><span style=\"color: #000000;\">Verantwortliche im Sinne der Datenschutz-Grundverordnung ist:<\/span><\/p>\n<p><span style=\"color: #000000;\">Martina Gro\u00dfmann<\/span><br \/>\n<span style=\"color: #000000;\">Heideweg 27b<\/span><br \/>\n<span style=\"color: #000000;\">21220 Seevetal<\/span><br \/>\n<span style=\"color: #000000;\">Deutschland<\/span><\/p>\n<p><span style=\"color: #000000;\">Telefon: +49 173 76 53 912<\/span><br \/>\n<span style=\"color: #000000;\">E-Mail: <a style=\"color: #000000;\" href=\"mailto:mail@martinagrossmann.de\">mail@martinagrossmann.de<\/a><\/span><br \/>\n<span style=\"color: #000000;\">Internet: www.martinagrossmann.de<\/span><\/p>\n<h3><span style=\"color: #000000;\">Zugriffsdaten\/ Server-Logfiles<\/span><\/h3>\n<p><span style=\"color: #000000;\">Beim Aufrufen von matinagrossmann.de werden durch den Browser auf Ihrem Endger\u00e4t automatisch Informationen an den Server meiner Website gesendet. Folgende Informationen werden ohne Ihr Zutun automatisch erfasst und bis zur automatisierten L\u00f6schung tempor\u00e4r in einer Protokolldatei (\u201eLogfile\u201c) gespeichert:<\/span><\/p>\n<p><span style=\"color: #000000;\">* IP-Adresse des anfragenden Rechners<\/span><br \/>\n<span style=\"color: #000000;\">* Datum und Uhrzeit des Zugriffs<\/span><br \/>\n<span style=\"color: #000000;\">* Name und URL der abgerufenen Datei<\/span><br \/>\n<span style=\"color: #000000;\">* Website, von der aus der Zugriff erfolgt (Referrer-URL)<\/span><br \/>\n<span style=\"color: #000000;\">* verwendeter Webbrowser und verwendetes Betriebssystem<\/span><\/p>\n<p><span style=\"color: #000000;\">Diese Protokolldaten werden nur f\u00fcr statistische Auswertungen zum Zweck des Betriebs, der Sicherheit und der Optimierung der Website verarbeitet. Die Rechtsgrundlage f\u00fcr die Datenverarbeitung ist Art. 6 Abs. 1 S. 1 lit. f DSGVO.\u00a0In keinem Fall verwende ich die erhobenen Daten zu dem Zweck, R\u00fcckschl\u00fcsse auf Ihre Person zu ziehen.\u00a0Daten, die beim Zugriff auf <a style=\"color: #000000;\" href=\"http:\/\/okkarohd.com\/\">martinagrossmann.de<\/a> protokolliert worden sind, werden an Dritte nur \u00fcbermittelt, soweit ich gesetzlich oder durch Gerichtsentscheidung dazu verpflichtet bin. Eine Weitergabe zu anderen nichtkommerziellen oder zu kommerziellen Zwecken erfolgt nicht.<\/span><\/p>\n<h3><span style=\"color: #000000;\">Umgang mit personenbezogenen Daten<\/span><\/h3>\n<p><span style=\"color: #000000;\">Personenbezogene Daten sind Informationen, mit deren Hilfe eine Person bestimmbar ist, also Angaben, die zur\u00fcck zu einer Person verfolgt werden k\u00f6nnen. Dazu geh\u00f6ren der Name, die Emailadresse oder die Telefonnummer. Aber auch Daten \u00fcber Vorlieben, Hobbies, Mitgliedschaften oder welche Webseiten von jemandem angesehen wurden z\u00e4hlen zu personenbezogenen Daten.<\/span><\/p>\n<p><span style=\"color: #000000;\">Personenbezogene Daten werden von mir nur dann erhoben, genutzt und weitergegeben, wenn dies gesetzlich erlaubt ist oder die Nutzer in die Datenerhebung einwilligen.<\/span><\/p>\n<h3><span style=\"color: #000000;\">Kontaktaufnahme<\/span><\/h3>\n<p><span style=\"color: #000000;\">Wenn Sie Kontakt mit mir aufnehmen (z.B. per E-Mail) werden die von Ihnen \u00fcbermittelten Daten (E-Mail Adresse, Name, Vorname, Anrede ggf. Telefonnummer) gespeichert. Diese werden f\u00fcr den Zweck der Kontaktaufnahme zu Ihrem Anliegen verwendet. Ihre Daten werden gel\u00f6scht, wenn die Speicherung nicht mehr erforderlich ist, Sie Ihre Einwilligung zur Speicherung widerrufen oder der Zweck f\u00fcr die Datenspeicherung entf\u00e4llt (z.B. nach abgeschlossener Bearbeitung Ihrer Anfrage). Zwingende gesetzliche Bestimmungen \u2013 insbesondere Aufbewahrungsfristen \u2013 bleiben unber\u00fchrt.<\/span><\/p>\n<h3><span style=\"color: #000000;\"><strong>Cookies<\/strong><\/span><\/h3>\n<p><span style=\"color: #000000;\">Ich setze auf dieser Website Cookies ein \u2013 kleine Dateien, die Ihr Browser automatisch erstellt und auf Ihrem Endger\u00e4t (Laptop, Tablet, Smartphone o.\u00e4.) gespeichert werden, wenn Sie meine Seite besuchen. In Cookies werden Informationen abgelegt, die sich jeweils im Zusammenhang mit dem von Ihnen eingesetzten Endger\u00e4t ergeben. Dies bedeutet jedoch nicht, dass ich dadurch unmittelbar Kenntnis von Ihrer Identit\u00e4t erhalten.<\/span><\/p>\n<p><span style=\"color: #000000;\">Ich setze Cookies ein, um einerseits die Nutzung meiner Website f\u00fcr Sie angenehmer zu gestalten, andererseits die Nutzung meiner Website statistisch erfassen und zum Zwecke der Optimierung auswerten zu k\u00f6nnen. Die durch Cookies verarbeiteten Daten sind f\u00fcr die genannten Zwecke zur Wahrung meiner berechtigten Interessen sowie der Dritter nach Art. 6 Abs. 1 S. 1 lit. f DSGVO erforderlich.<\/span><\/p>\n<p><span style=\"color: #000000;\">Die meisten Browser akzeptieren Cookies automatisch. Sie k\u00f6nnen Ihren Browser jedoch so konfigurieren, dass keine Cookies auf Ihrem Computer gespeichert werden oder jedes Mal ein Hinweis erscheint, ehe ein neuer Cookie angelegt wird. Ferner k\u00f6nnen bereits gesetzte Cookies jederzeit \u00fcber einen Internetbrowser oder andere Softwareprogramme gel\u00f6scht werden. Dies ist in allen aktuellen Internetbrowsern m\u00f6glich. Die vollst\u00e4ndige Deaktivierung von Cookies kann allerdings dazu f\u00fchren, dass Sie nicht alle Funktionen meiner Website nutzen k\u00f6nnen.<\/span><\/p>\n<h3><span style=\"color: #000000;\"><strong>Analyse und Statistik<\/strong><\/span><\/h3>\n<p><span style=\"color: #000000;\">Diese Website nutzt <strong>Google Analytics<\/strong>, um die Nutzung der Webseite analysieren und regelm\u00e4\u00dfig verbessern zu k\u00f6nnen. Google Analytics verwendet Cookies. Die durch diese erzeugten Informationen \u00fcber Ihre Benutzung dieser Website (einschlie\u00dflich Ihrer IP-Adresse) werden an einen Server von Google \u00fcbertragen und dort gespeichert. Google ist unter dem EU-US-Datenschutzabkommen \u201ePrivacy Shield\u201c zertifiziert und verpflichtet sich damit, die EU-Datenschutzvorgaben einzuhalten.<\/span><\/p>\n<p><span style=\"color: #000000;\">Rechtsgrundlage f\u00fcr die Nutzung von Google Analytics ist Art. 6 Abs. 1 S. 1 lit. f DS-GVO.<\/span><\/p>\n<p><span style=\"color: #000000;\">Weiterf\u00fchrende Informationen:<\/span><\/p>\n<p><span style=\"color: #000000;\">EU-US Privacy Shield\u00a0<a style=\"color: #000000;\" href=\"https:\/\/www.privacyshield.gov\/EU-US-Framework\">https:\/\/www.privacyshield.gov\/EU-US-Framework<\/a>.<\/span><\/p>\n<p><span style=\"color: #000000;\">Informationen des Drittanbieters: Google Dublin, Google Ireland Ltd., Gordon House, Barrow Street, Dublin 4, Ireland, Fax: +353 (1) 436 1001. Nutzerbedingungen:\u00a0<a style=\"color: #000000;\" href=\"http:\/\/www.google.com\/analytics\/terms\/de.html\">http:\/\/www.google.com\/analytics\/terms\/de.html<\/a><\/span><\/p>\n<p><span style=\"color: #000000;\">\u00dcbersicht zum Datenschutz:\u00a0<a style=\"color: #000000;\" href=\"http:\/\/www.google.com\/intl\/de\/analytics\/learn\/privacy.html\">http:\/\/www.google.com\/intl\/de\/analytics\/learn\/privacy.html<\/a>, sowie die Datenschutzerkl\u00e4rung:\u00a0<a style=\"color: #000000;\" href=\"http:\/\/www.google.de\/intl\/de\/policies\/privacy\">http:\/\/www.google.de\/intl\/de\/policies\/privacy<\/a>.<\/span><\/p>\n<h3><span style=\"color: #000000;\"><strong>Plug-Ins von Drittanbietern<\/strong><\/span><\/h3>\n<p><span style=\"color: #000000;\">Auf meiner Website setze ich auf Grundlage meiner berechtigten Interessen (Analyse, Optimierung und wirtschaftlicher Betrieb meines Onlineangebotes im Sinne des Art. 6 Abs. 1 lit. f. DSGVO) auch Social Plug-ins, Inhalts- oder Serviceangebote von Drittanbietern (etwa sozialer Netzwerke) ein, um deren Inhalte und Services, wie z.B. Videos oder Schriftarten einzubinden.<\/span><\/p>\n<p><span style=\"color: #000000;\">Dies setzt voraus, dass die Drittanbieter dieser Inhalte die IP-Adresse der Nutzer wahrnehmen, da sie ohne diese die Inhalte nicht an deren Browser senden k\u00f6nnten. Die IP-Adresse ist damit f\u00fcr die Darstellung dieser Inhalte erforderlich. Wir bem\u00fchen uns, nur solche Inhalte zu verwenden, deren jeweilige Anbieter die IP-Adresse lediglich zur Auslieferung der Inhalte verwenden. Drittanbieter k\u00f6nnen ferner so genannte Pixel-Tags (unsichtbare Grafiken, auch als &#8222;Web Beacons&#8220; bezeichnet) f\u00fcr statistische oder Marketingzwecke verwenden. Durch die &#8222;Pixel-Tags&#8220; k\u00f6nnen Informationen wie der Besucherverkehr auf den Seiten dieser Website ausgewertet werden. Die pseudonymen Informationen k\u00f6nnen ferner in Cookies auf dem Ger\u00e4t der Nutzer gespeichert werden und unter anderem technische Informationen zum Browser und Betriebssystem, verweisende Webseiten, Besuchszeit sowie weitere Angaben zur Nutzung unseres Onlineangebotes enthalten, als auch mit solchen Informationen aus anderen Quellen verbunden werden.<\/span><\/p>\n<h4><span style=\"color: #000000;\"><strong>Google Fonts<\/strong><\/span><\/h4>\n<p><span style=\"color: #000000;\">Ich binde auf dieser Website Schriftarten (\u201eGoogle Fonts\u201d) des Anbieters Google LLC, 1600 Amphitheatre Parkway, Mountain View, CA 94043, USA, ein.\u00a0 Die Datenschutzerkl\u00e4rung von Google ist unter <a style=\"color: #000000;\" href=\"https:\/\/www.google.com\/policies\/privacy\/\">https:\/\/www.google.com\/policies\/privacy\/<\/a> einsehbar.<\/span><\/p>\n<h3><span style=\"color: #000000;\"><strong>Auskunfts- und Beschwerderecht<\/strong><\/span><\/h3>\n<p><span style=\"color: #000000;\">Ihnen stehen grunds\u00e4tzlich die folgenden Rechte zu:<\/span><\/p>\n<p><span style=\"color: #000000;\"><strong>Auskunft:<\/strong>\u00a0Sie haben das Recht, von mir Auskunft dar\u00fcber zu verlangen, wie Ihre Daten verwendet werden und k\u00f6nnen eine Kopie Ihrer von mir verarbeiteten Daten anfordern. Die Aus\u00fcbung Ihres Auskunftsrechts darf die Rechte anderer Personen nicht beeintr\u00e4chtigen.<\/span><\/p>\n<p><span style=\"color: #000000;\"><strong>L\u00f6schung:\u00a0<\/strong>Sie haben das Recht, die L\u00f6schung Ihrer Daten zu verlangen, sofern diese nicht noch aufgrund einer anderen Rechtsgrundlage verarbeitet werden.<\/span><\/p>\n<p><span style=\"color: #000000;\"><strong>Berichtigung:\u00a0<\/strong>Sie haben das Recht, die Berichtigung Ihrer Daten zu verlangen. Dies schlie\u00dft auch die Vervollst\u00e4ndigung unvollst\u00e4ndiger personenbezogener Daten mit ein.<\/span><\/p>\n<p><span style=\"color: #000000;\"><strong>Widerruf Ihrer Einwilligung:\u00a0<\/strong>Wenn ich Ihre Daten auf der Grundlage Ihrer Einwilligung verarbeite, k\u00f6nnen Sie diese Einwilligung jederzeit widerrufen.<\/span><\/p>\n<p><span style=\"color: #000000;\"><strong>Widerspruch gegen die Verarbeitung:\u00a0<\/strong>Wenn ich Ihre Daten auf der Grundlage von berechtigten Interessen verarbeiten, k\u00f6nnen Sie jederzeit Widerspruch gegen die Verarbeitung einlegen. In diesem Fall bin ich gesetzlich angehalten, eine Interessenabw\u00e4gung durchzuf\u00fchren. Sollte diese Interessenabw\u00e4gung ergeben, dass meine berechtigten Interessen im jeweiligen Fall \u00fcberwiegen, werde ich Ihren Widerspruch begr\u00fcndet zur\u00fcckweisen.<\/span><\/p>\n<h3><span style=\"color: #000000;\"><strong>Datensicherheit<\/strong><\/span><\/h3>\n<p><span style=\"color: #000000;\">Ich verwende auf meiner Website das verbreitete SSL-Verfahren (Secure Socket Layer) in Verbindung mit der jeweils h\u00f6chsten Verschl\u00fcsselungsstufe, die von Ihrem Browser unterst\u00fctzt wird. In der Regel handelt es sich dabei um eine 256-Bit-Verschl\u00fcsselung. Falls Ihr Browser keine 256-Bit-Verschl\u00fcsselung unterst\u00fctzt, greifen wir stattdessen auf 128-Bit v3 Technologie zur\u00fcck. Ob eine einzelne Seite meines Internetauftrittes verschl\u00fcsselt \u00fcbertragen wird, erkennen Sie an der geschlossenen Darstellung des Sch\u00fcssel- beziehungsweise Schloss-Symbols in der Statusleiste Ihres Browsers.<\/span><\/p>\n<h3><span style=\"color: #000000;\"><strong>Aktualit\u00e4t<\/strong><\/span><\/h3>\n<p><span style=\"color: #000000;\">Diese Datenschutzerkl\u00e4rung wurde im Juni 2020 aktualisiert. Durch die Weiterentwicklung meiner Website und Angebote oder aufgrund ge\u00e4nderter gesetzlicher beziehungsweise beh\u00f6rdlicher Vorgaben kann es notwendig werden, diese Datenschutzerkl\u00e4rung zu \u00e4ndern. Daher empfehle ich, diese Datenschutzerkl\u00e4rung ab und zu erneut durchzulesen. Die jeweils aktuelle Datenschutzerkl\u00e4rung kann jederzeit auf der Website unter <a style=\"color: #000000;\" href=\"http:\/\/www.martinagrossmann.de\/datenschutzerkl\u00e4rung\">www.martinagrossmann.de\/datenschutz<\/a>\u00a0von Ihnen abgerufen werden.<\/span><\/p>\n","protected":false},"excerpt":{"rendered":"<p>Mit dieser Datenschutzerkl\u00e4rung informiere ich Sie \u00fcber die Art, den Umfang und den Zweck der Verarbeitung von personenbezogenen Daten (nachfolgend kurz \u201eDaten\u201c) innerhalb meiner Website www.martinagrossmann.de. F\u00fcr die dabei verwendeten Begriffe \u2013 wie etwa \u201eVerarbeitung\u201c oder \u201eVerantwortliche\u201c verweise ich auf die Definitionen im Artikel 4 der Datenschutzgrundverordnung (DSGVO) (https:\/\/dsgvo-gesetz.de\/). Ich habe technische und organisatorische Ma\u00dfnahmenContinue reading &rarr;<\/p>\n","protected":false},"author":1,"featured_media":0,"parent":0,"menu_order":0,"comment_status":"closed","ping_status":"closed","template":"","meta":[],"yoast_head":"<!-- This site is optimized with the Yoast SEO plugin v19.12 - https:\/\/yoast.com\/wordpress\/plugins\/seo\/ -->\n<title>Datenschutz - Martina Gro\u00dfmann<\/title>\n<meta name=\"robots\" content=\"index, follow, max-snippet:-1, max-image-preview:large, max-video-preview:-1\" \/>\n<link rel=\"canonical\" href=\"https:\/\/martinagrossmann.de\/?page_id=22\" \/>\n<meta property=\"og:locale\" content=\"de_DE\" \/>\n<meta property=\"og:type\" content=\"article\" \/>\n<meta property=\"og:title\" content=\"Datenschutz - Martina Gro\u00dfmann\" \/>\n<meta property=\"og:description\" content=\"Mit dieser Datenschutzerkl\u00e4rung informiere ich Sie \u00fcber die Art, den Umfang und den Zweck der Verarbeitung von personenbezogenen Daten (nachfolgend kurz \u201eDaten\u201c) innerhalb meiner Website www.martinagrossmann.de. F\u00fcr die dabei verwendeten Begriffe \u2013 wie etwa \u201eVerarbeitung\u201c oder \u201eVerantwortliche\u201c verweise ich auf die Definitionen im Artikel 4 der Datenschutzgrundverordnung (DSGVO) (https:\/\/dsgvo-gesetz.de\/). Ich habe technische und organisatorische Ma\u00dfnahmenContinue reading &rarr;\" \/>\n<meta property=\"og:url\" content=\"https:\/\/martinagrossmann.de\/?page_id=22\" \/>\n<meta property=\"og:site_name\" content=\"Martina Gro\u00dfmann\" \/>\n<meta property=\"article:modified_time\" content=\"2020-06-18T15:01:51+00:00\" \/>\n<meta name=\"twitter:card\" content=\"summary_large_image\" \/>\n<meta name=\"twitter:label1\" content=\"Gesch\u00e4tzte Lesezeit\" \/>\n\t<meta name=\"twitter:data1\" content=\"7\u00a0Minuten\" \/>\n<script type=\"application\/ld+json\" class=\"yoast-schema-graph\">{\"@context\":\"https:\/\/schema.org\",\"@graph\":[{\"@type\":\"WebPage\",\"@id\":\"https:\/\/martinagrossmann.de\/?page_id=22\",\"url\":\"https:\/\/martinagrossmann.de\/?page_id=22\",\"name\":\"Datenschutz - Martina Gro\u00dfmann\",\"isPartOf\":{\"@id\":\"https:\/\/martinagrossmann.de\/#website\"},\"datePublished\":\"2020-06-11T12:51:03+00:00\",\"dateModified\":\"2020-06-18T15:01:51+00:00\",\"breadcrumb\":{\"@id\":\"https:\/\/martinagrossmann.de\/?page_id=22#breadcrumb\"},\"inLanguage\":\"de\",\"potentialAction\":[{\"@type\":\"ReadAction\",\"target\":[\"https:\/\/martinagrossmann.de\/?page_id=22\"]}]},{\"@type\":\"BreadcrumbList\",\"@id\":\"https:\/\/martinagrossmann.de\/?page_id=22#breadcrumb\",\"itemListElement\":[{\"@type\":\"ListItem\",\"position\":1,\"name\":\"Startseite\",\"item\":\"https:\/\/martinagrossmann.de\/\"},{\"@type\":\"ListItem\",\"position\":2,\"name\":\"Datenschutz\"}]},{\"@type\":\"WebSite\",\"@id\":\"https:\/\/martinagrossmann.de\/#website\",\"url\":\"https:\/\/martinagrossmann.de\/\",\"name\":\"Martina Gro\u00dfmann\",\"description\":\"projects &amp; relationships\",\"publisher\":{\"@id\":\"https:\/\/martinagrossmann.de\/#\/schema\/person\/13e41ba24dcc0cd5a401950584b2e419\"},\"potentialAction\":[{\"@type\":\"SearchAction\",\"target\":{\"@type\":\"EntryPoint\",\"urlTemplate\":\"https:\/\/martinagrossmann.de\/?s={search_term_string}\"},\"query-input\":\"required name=search_term_string\"}],\"inLanguage\":\"de\"},{\"@type\":[\"Person\",\"Organization\"],\"@id\":\"https:\/\/martinagrossmann.de\/#\/schema\/person\/13e41ba24dcc0cd5a401950584b2e419\",\"name\":\"projectsrelations\",\"image\":{\"@type\":\"ImageObject\",\"inLanguage\":\"de\",\"@id\":\"https:\/\/martinagrossmann.de\/#\/schema\/person\/image\/\",\"url\":\"https:\/\/martinagrossmann.de\/wp-content\/uploads\/2020\/06\/logo-e1591892929987.png\",\"contentUrl\":\"https:\/\/martinagrossmann.de\/wp-content\/uploads\/2020\/06\/logo-e1591892929987.png\",\"width\":350,\"height\":71,\"caption\":\"projectsrelations\"},\"logo\":{\"@id\":\"https:\/\/martinagrossmann.de\/#\/schema\/person\/image\/\"},\"description\":\"Seit 2005 Freiberuflerin im Themenfeld (agiles) Projektmanagement, Kommunikation, Business Analyst.\",\"sameAs\":[\"http:\/\/martinagrossmann.de\"]}]}<\/script>\n<!-- \/ Yoast SEO plugin. -->","yoast_head_json":{"title":"Datenschutz - Martina Gro\u00dfmann","robots":{"index":"index","follow":"follow","max-snippet":"max-snippet:-1","max-image-preview":"max-image-preview:large","max-video-preview":"max-video-preview:-1"},"canonical":"https:\/\/martinagrossmann.de\/?page_id=22","og_locale":"de_DE","og_type":"article","og_title":"Datenschutz - Martina Gro\u00dfmann","og_description":"Mit dieser Datenschutzerkl\u00e4rung informiere ich Sie \u00fcber die Art, den Umfang und den Zweck der Verarbeitung von personenbezogenen Daten (nachfolgend kurz \u201eDaten\u201c) innerhalb meiner Website www.martinagrossmann.de. F\u00fcr die dabei verwendeten Begriffe \u2013 wie etwa \u201eVerarbeitung\u201c oder \u201eVerantwortliche\u201c verweise ich auf die Definitionen im Artikel 4 der Datenschutzgrundverordnung (DSGVO) (https:\/\/dsgvo-gesetz.de\/). Ich habe technische und organisatorische Ma\u00dfnahmenContinue reading &rarr;","og_url":"https:\/\/martinagrossmann.de\/?page_id=22","og_site_name":"Martina Gro\u00dfmann","article_modified_time":"2020-06-18T15:01:51+00:00","twitter_card":"summary_large_image","twitter_misc":{"Gesch\u00e4tzte Lesezeit":"7\u00a0Minuten"},"schema":{"@context":"https:\/\/schema.org","@graph":[{"@type":"WebPage","@id":"https:\/\/martinagrossmann.de\/?page_id=22","url":"https:\/\/martinagrossmann.de\/?page_id=22","name":"Datenschutz - Martina Gro\u00dfmann","isPartOf":{"@id":"https:\/\/martinagrossmann.de\/#website"},"datePublished":"2020-06-11T12:51:03+00:00","dateModified":"2020-06-18T15:01:51+00:00","breadcrumb":{"@id":"https:\/\/martinagrossmann.de\/?page_id=22#breadcrumb"},"inLanguage":"de","potentialAction":[{"@type":"ReadAction","target":["https:\/\/martinagrossmann.de\/?page_id=22"]}]},{"@type":"BreadcrumbList","@id":"https:\/\/martinagrossmann.de\/?page_id=22#breadcrumb","itemListElement":[{"@type":"ListItem","position":1,"name":"Startseite","item":"https:\/\/martinagrossmann.de\/"},{"@type":"ListItem","position":2,"name":"Datenschutz"}]},{"@type":"WebSite","@id":"https:\/\/martinagrossmann.de\/#website","url":"https:\/\/martinagrossmann.de\/","name":"Martina Gro\u00dfmann","description":"projects &amp; relationships","publisher":{"@id":"https:\/\/martinagrossmann.de\/#\/schema\/person\/13e41ba24dcc0cd5a401950584b2e419"},"potentialAction":[{"@type":"SearchAction","target":{"@type":"EntryPoint","urlTemplate":"https:\/\/martinagrossmann.de\/?s={search_term_string}"},"query-input":"required name=search_term_string"}],"inLanguage":"de"},{"@type":["Person","Organization"],"@id":"https:\/\/martinagrossmann.de\/#\/schema\/person\/13e41ba24dcc0cd5a401950584b2e419","name":"projectsrelations","image":{"@type":"ImageObject","inLanguage":"de","@id":"https:\/\/martinagrossmann.de\/#\/schema\/person\/image\/","url":"https:\/\/martinagrossmann.de\/wp-content\/uploads\/2020\/06\/logo-e1591892929987.png","contentUrl":"https:\/\/martinagrossmann.de\/wp-content\/uploads\/2020\/06\/logo-e1591892929987.png","width":350,"height":71,"caption":"projectsrelations"},"logo":{"@id":"https:\/\/martinagrossmann.de\/#\/schema\/person\/image\/"},"description":"Seit 2005 Freiberuflerin im Themenfeld (agiles) Projektmanagement, Kommunikation, Business Analyst.","sameAs":["http:\/\/martinagrossmann.de"]}]}},"_links":{"self":[{"href":"https:\/\/martinagrossmann.de\/index.php?rest_route=\/wp\/v2\/pages\/22"}],"collection":[{"href":"https:\/\/martinagrossmann.de\/index.php?rest_route=\/wp\/v2\/pages"}],"about":[{"href":"https:\/\/martinagrossmann.de\/index.php?rest_route=\/wp\/v2\/types\/page"}],"author":[{"embeddable":true,"href":"https:\/\/martinagrossmann.de\/index.php?rest_route=\/wp\/v2\/users\/1"}],"replies":[{"embeddable":true,"href":"https:\/\/martinagrossmann.de\/index.php?rest_route=%2Fwp%2Fv2%2Fcomments&post=22"}],"version-history":[{"count":9,"href":"https:\/\/martinagrossmann.de\/index.php?rest_route=\/wp\/v2\/pages\/22\/revisions"}],"predecessor-version":[{"id":117,"href":"https:\/\/martinagrossmann.de\/index.php?rest_route=\/wp\/v2\/pages\/22\/revisions\/117"}],"wp:attachment":[{"href":"https:\/\/martinagrossmann.de\/index.php?rest_route=%2Fwp%2Fv2%2Fmedia&parent=22"}],"curies":[{"name":"wp","href":"https:\/\/api.w.org\/{rel}","templated":true}]}}