{"id":19,"date":"2020-06-11T12:49:11","date_gmt":"2020-06-11T12:49:11","guid":{"rendered":"http:\/\/stage.grossmann-projectconsulting.com\/?page_id=19"},"modified":"2022-09-01T17:42:44","modified_gmt":"2022-09-01T17:42:44","slug":"impressum","status":"publish","type":"page","link":"https:\/\/martinagrossmann.de\/?page_id=19","title":{"rendered":"Impressum"},"content":{"rendered":"<p><span style=\"color: #333333;\">Martina Gro\u00dfmann<\/span><br \/>\n<span style=\"color: #333333;\">Horster Landstra\u00dfe 104b<\/span><br \/>\n<span style=\"color: #333333;\">21220 Seevetal-Maschen<\/span><\/p>\n<p><span style=\"color: #333333;\">Telefon:\u00a0<a style=\"color: #333333;\" href=\"tel:+491737653912\">+49 173 76 53 912<\/a><\/span><\/p>\n<p><span style=\"color: #333333;\">Email:\u00a0<a style=\"color: #333333;\" href=\"mailto:mail@martinagrossmann.de\">mail@martinagrossmann.de<\/a><\/span><br \/>\n<span style=\"color: #333333;\">Internet: www.martinagrossmann.de<\/span><\/p>\n<p><span style=\"color: #333333;\">Umsatzsteuer-Identifikationsnummer gem\u00e4\u00df<\/span><br \/>\n<span style=\"color: #333333;\">\u00a7 27 a Umsatzsteuergesetz: DE 249230868<\/span><\/p>\n<p><span style=\"color: #333333;\">Inhaltlich verantwortlich gem\u00e4\u00df \u00a7 55 Abs. 2 RStV:<\/span><br \/>\n<span style=\"color: #333333;\">Martina Gro\u00dfmann (Anschrift wie oben)<\/span><\/p>\n<p><span style=\"color: #333333;\"><b>Haftungshinweis<\/b><\/span><br \/>\n<span style=\"color: #333333;\">Trotz sorgf\u00e4ltiger inhaltlicher Kontrolle \u00fcbernehme ich keine Haftung f\u00fcr die Inhalte externer Links. F\u00fcr den Inhalt der verlinkten Seiten sind ausschlie\u00dflich deren Betreiber verantwortlich.<\/span><\/p>\n<p><span style=\"color: #333333;\"><b>Urheber- und Schutzrechte<\/b><\/span><br \/>\n<span style=\"color: #333333;\">Inhalt und Gestaltung dieser Internetseiten sind urheberrechtlich gesch\u00fctzt. Eine Vervielf\u00e4ltigung der Seiten oder ihrer Inhalte &#8211; auch auszusgsweise &#8211; bedarf der vorherigen, schriftlichen Zustimmung von mir. Auf die Nutzung der Webseite und deren Services sowie auf diese Nutzungsbestimmungen findet deutsches Recht mit Ausnahme seiner kollisionsrechtlichen Bestimmungen Anwendung.<\/span><\/p>\n","protected":false},"excerpt":{"rendered":"<p>Martina Gro\u00dfmann Horster Landstra\u00dfe 104b 21220 Seevetal-Maschen Telefon:\u00a0+49 173 76 53 912 Email:\u00a0mail@martinagrossmann.de Internet: www.martinagrossmann.de Umsatzsteuer-Identifikationsnummer gem\u00e4\u00df \u00a7 27 a Umsatzsteuergesetz: DE 249230868 Inhaltlich verantwortlich gem\u00e4\u00df \u00a7 55 Abs. 2 RStV: Martina Gro\u00dfmann (Anschrift wie oben) Haftungshinweis Trotz sorgf\u00e4ltiger inhaltlicher Kontrolle \u00fcbernehme ich keine Haftung f\u00fcr die Inhalte externer Links. F\u00fcr den Inhalt der verlinktenContinue reading &rarr;<\/p>\n","protected":false},"author":1,"featured_media":0,"parent":0,"menu_order":0,"comment_status":"closed","ping_status":"closed","template":"","meta":[],"yoast_head":"<!-- This site is optimized with the Yoast SEO plugin v19.12 - https:\/\/yoast.com\/wordpress\/plugins\/seo\/ -->\n<title>Impressum - Martina Gro\u00dfmann<\/title>\n<meta name=\"robots\" content=\"index, follow, max-snippet:-1, max-image-preview:large, max-video-preview:-1\" \/>\n<link rel=\"canonical\" href=\"https:\/\/martinagrossmann.de\/?page_id=19\" \/>\n<meta property=\"og:locale\" content=\"de_DE\" \/>\n<meta property=\"og:type\" content=\"article\" \/>\n<meta property=\"og:title\" content=\"Impressum - Martina Gro\u00dfmann\" \/>\n<meta property=\"og:description\" content=\"Martina Gro\u00dfmann Horster Landstra\u00dfe 104b 21220 Seevetal-Maschen Telefon:\u00a0+49 173 76 53 912 Email:\u00a0mail@martinagrossmann.de Internet: www.martinagrossmann.de Umsatzsteuer-Identifikationsnummer gem\u00e4\u00df \u00a7 27 a Umsatzsteuergesetz: DE 249230868 Inhaltlich verantwortlich gem\u00e4\u00df \u00a7 55 Abs. 2 RStV: Martina Gro\u00dfmann (Anschrift wie oben) Haftungshinweis Trotz sorgf\u00e4ltiger inhaltlicher Kontrolle \u00fcbernehme ich keine Haftung f\u00fcr die Inhalte externer Links. F\u00fcr den Inhalt der verlinktenContinue reading &rarr;\" \/>\n<meta property=\"og:url\" content=\"https:\/\/martinagrossmann.de\/?page_id=19\" \/>\n<meta property=\"og:site_name\" content=\"Martina Gro\u00dfmann\" \/>\n<meta property=\"article:modified_time\" content=\"2022-09-01T17:42:44+00:00\" \/>\n<meta name=\"twitter:card\" content=\"summary_large_image\" \/>\n<meta name=\"twitter:label1\" content=\"Gesch\u00e4tzte Lesezeit\" \/>\n\t<meta name=\"twitter:data1\" content=\"1\u00a0Minute\" \/>\n<script type=\"application\/ld+json\" class=\"yoast-schema-graph\">{\"@context\":\"https:\/\/schema.org\",\"@graph\":[{\"@type\":\"WebPage\",\"@id\":\"https:\/\/martinagrossmann.de\/?page_id=19\",\"url\":\"https:\/\/martinagrossmann.de\/?page_id=19\",\"name\":\"Impressum - Martina Gro\u00dfmann\",\"isPartOf\":{\"@id\":\"https:\/\/martinagrossmann.de\/#website\"},\"datePublished\":\"2020-06-11T12:49:11+00:00\",\"dateModified\":\"2022-09-01T17:42:44+00:00\",\"breadcrumb\":{\"@id\":\"https:\/\/martinagrossmann.de\/?page_id=19#breadcrumb\"},\"inLanguage\":\"de\",\"potentialAction\":[{\"@type\":\"ReadAction\",\"target\":[\"https:\/\/martinagrossmann.de\/?page_id=19\"]}]},{\"@type\":\"BreadcrumbList\",\"@id\":\"https:\/\/martinagrossmann.de\/?page_id=19#breadcrumb\",\"itemListElement\":[{\"@type\":\"ListItem\",\"position\":1,\"name\":\"Startseite\",\"item\":\"https:\/\/martinagrossmann.de\/\"},{\"@type\":\"ListItem\",\"position\":2,\"name\":\"Impressum\"}]},{\"@type\":\"WebSite\",\"@id\":\"https:\/\/martinagrossmann.de\/#website\",\"url\":\"https:\/\/martinagrossmann.de\/\",\"name\":\"Martina Gro\u00dfmann\",\"description\":\"projects &amp; relationships\",\"publisher\":{\"@id\":\"https:\/\/martinagrossmann.de\/#\/schema\/person\/13e41ba24dcc0cd5a401950584b2e419\"},\"potentialAction\":[{\"@type\":\"SearchAction\",\"target\":{\"@type\":\"EntryPoint\",\"urlTemplate\":\"https:\/\/martinagrossmann.de\/?s={search_term_string}\"},\"query-input\":\"required name=search_term_string\"}],\"inLanguage\":\"de\"},{\"@type\":[\"Person\",\"Organization\"],\"@id\":\"https:\/\/martinagrossmann.de\/#\/schema\/person\/13e41ba24dcc0cd5a401950584b2e419\",\"name\":\"projectsrelations\",\"image\":{\"@type\":\"ImageObject\",\"inLanguage\":\"de\",\"@id\":\"https:\/\/martinagrossmann.de\/#\/schema\/person\/image\/\",\"url\":\"https:\/\/martinagrossmann.de\/wp-content\/uploads\/2020\/06\/logo-e1591892929987.png\",\"contentUrl\":\"https:\/\/martinagrossmann.de\/wp-content\/uploads\/2020\/06\/logo-e1591892929987.png\",\"width\":350,\"height\":71,\"caption\":\"projectsrelations\"},\"logo\":{\"@id\":\"https:\/\/martinagrossmann.de\/#\/schema\/person\/image\/\"},\"description\":\"Seit 2005 Freiberuflerin im Themenfeld (agiles) Projektmanagement, Kommunikation, Business Analyst.\",\"sameAs\":[\"http:\/\/martinagrossmann.de\"]}]}<\/script>\n<!-- \/ Yoast SEO plugin. -->","yoast_head_json":{"title":"Impressum - Martina Gro\u00dfmann","robots":{"index":"index","follow":"follow","max-snippet":"max-snippet:-1","max-image-preview":"max-image-preview:large","max-video-preview":"max-video-preview:-1"},"canonical":"https:\/\/martinagrossmann.de\/?page_id=19","og_locale":"de_DE","og_type":"article","og_title":"Impressum - Martina Gro\u00dfmann","og_description":"Martina Gro\u00dfmann Horster Landstra\u00dfe 104b 21220 Seevetal-Maschen Telefon:\u00a0+49 173 76 53 912 Email:\u00a0mail@martinagrossmann.de Internet: www.martinagrossmann.de Umsatzsteuer-Identifikationsnummer gem\u00e4\u00df \u00a7 27 a Umsatzsteuergesetz: DE 249230868 Inhaltlich verantwortlich gem\u00e4\u00df \u00a7 55 Abs. 2 RStV: Martina Gro\u00dfmann (Anschrift wie oben) Haftungshinweis Trotz sorgf\u00e4ltiger inhaltlicher Kontrolle \u00fcbernehme ich keine Haftung f\u00fcr die Inhalte externer Links. F\u00fcr den Inhalt der verlinktenContinue reading &rarr;","og_url":"https:\/\/martinagrossmann.de\/?page_id=19","og_site_name":"Martina Gro\u00dfmann","article_modified_time":"2022-09-01T17:42:44+00:00","twitter_card":"summary_large_image","twitter_misc":{"Gesch\u00e4tzte Lesezeit":"1\u00a0Minute"},"schema":{"@context":"https:\/\/schema.org","@graph":[{"@type":"WebPage","@id":"https:\/\/martinagrossmann.de\/?page_id=19","url":"https:\/\/martinagrossmann.de\/?page_id=19","name":"Impressum - Martina Gro\u00dfmann","isPartOf":{"@id":"https:\/\/martinagrossmann.de\/#website"},"datePublished":"2020-06-11T12:49:11+00:00","dateModified":"2022-09-01T17:42:44+00:00","breadcrumb":{"@id":"https:\/\/martinagrossmann.de\/?page_id=19#breadcrumb"},"inLanguage":"de","potentialAction":[{"@type":"ReadAction","target":["https:\/\/martinagrossmann.de\/?page_id=19"]}]},{"@type":"BreadcrumbList","@id":"https:\/\/martinagrossmann.de\/?page_id=19#breadcrumb","itemListElement":[{"@type":"ListItem","position":1,"name":"Startseite","item":"https:\/\/martinagrossmann.de\/"},{"@type":"ListItem","position":2,"name":"Impressum"}]},{"@type":"WebSite","@id":"https:\/\/martinagrossmann.de\/#website","url":"https:\/\/martinagrossmann.de\/","name":"Martina Gro\u00dfmann","description":"projects &amp; relationships","publisher":{"@id":"https:\/\/martinagrossmann.de\/#\/schema\/person\/13e41ba24dcc0cd5a401950584b2e419"},"potentialAction":[{"@type":"SearchAction","target":{"@type":"EntryPoint","urlTemplate":"https:\/\/martinagrossmann.de\/?s={search_term_string}"},"query-input":"required name=search_term_string"}],"inLanguage":"de"},{"@type":["Person","Organization"],"@id":"https:\/\/martinagrossmann.de\/#\/schema\/person\/13e41ba24dcc0cd5a401950584b2e419","name":"projectsrelations","image":{"@type":"ImageObject","inLanguage":"de","@id":"https:\/\/martinagrossmann.de\/#\/schema\/person\/image\/","url":"https:\/\/martinagrossmann.de\/wp-content\/uploads\/2020\/06\/logo-e1591892929987.png","contentUrl":"https:\/\/martinagrossmann.de\/wp-content\/uploads\/2020\/06\/logo-e1591892929987.png","width":350,"height":71,"caption":"projectsrelations"},"logo":{"@id":"https:\/\/martinagrossmann.de\/#\/schema\/person\/image\/"},"description":"Seit 2005 Freiberuflerin im Themenfeld (agiles) Projektmanagement, Kommunikation, Business Analyst.","sameAs":["http:\/\/martinagrossmann.de"]}]}},"_links":{"self":[{"href":"https:\/\/martinagrossmann.de\/index.php?rest_route=\/wp\/v2\/pages\/19"}],"collection":[{"href":"https:\/\/martinagrossmann.de\/index.php?rest_route=\/wp\/v2\/pages"}],"about":[{"href":"https:\/\/martinagrossmann.de\/index.php?rest_route=\/wp\/v2\/types\/page"}],"author":[{"embeddable":true,"href":"https:\/\/martinagrossmann.de\/index.php?rest_route=\/wp\/v2\/users\/1"}],"replies":[{"embeddable":true,"href":"https:\/\/martinagrossmann.de\/index.php?rest_route=%2Fwp%2Fv2%2Fcomments&post=19"}],"version-history":[{"count":5,"href":"https:\/\/martinagrossmann.de\/index.php?rest_route=\/wp\/v2\/pages\/19\/revisions"}],"predecessor-version":[{"id":143,"href":"https:\/\/martinagrossmann.de\/index.php?rest_route=\/wp\/v2\/pages\/19\/revisions\/143"}],"wp:attachment":[{"href":"https:\/\/martinagrossmann.de\/index.php?rest_route=%2Fwp%2Fv2%2Fmedia&parent=19"}],"curies":[{"name":"wp","href":"https:\/\/api.w.org\/{rel}","templated":true}]}}